{"id":3192,"date":"2021-06-23T22:41:11","date_gmt":"2021-06-23T20:41:11","guid":{"rendered":"https:\/\/www.baehr-excellenz.de\/?page_id=3192"},"modified":"2025-06-02T19:46:27","modified_gmt":"2025-06-02T17:46:27","slug":"strategieentwicklung","status":"publish","type":"page","link":"https:\/\/www.baehr-excellenz.de\/home\/strategieentwicklung\/","title":{"rendered":"Strategieentwicklung"},"content":{"rendered":"\t\t<div data-elementor-type=\"wp-page\" data-elementor-id=\"3192\" class=\"elementor elementor-3192\" data-elementor-post-type=\"page\">\n\t\t\t\t<div class=\"elementor-element elementor-element-d318357 e-con-full e-flex e-con e-parent\" data-id=\"d318357\" data-element_type=\"container\" data-settings=\"{&quot;background_background&quot;:&quot;classic&quot;,&quot;animation&quot;:&quot;none&quot;}\">\n\t\t<div class=\"elementor-element elementor-element-bb322b0 e-con-full e-flex e-con e-child\" data-id=\"bb322b0\" data-element_type=\"container\">\n\t\t\t\t<div class=\"elementor-element elementor-element-f601015 elementor-widget elementor-widget-heading\" data-id=\"f601015\" data-element_type=\"widget\" data-widget_type=\"heading.default\">\n\t\t\t\t<div class=\"elementor-widget-container\">\n\t\t\t\t\t<h3 class=\"elementor-heading-title elementor-size-small\">Strategieentwicklung&nbsp; \u2013 &nbsp;\u00bb house of excellence \u00ab<\/h3>\t\t\t\t<\/div>\n\t\t\t\t<\/div>\n\t\t<div class=\"elementor-element elementor-element-1d4f2c8 e-con-full e-flex e-con e-child\" data-id=\"1d4f2c8\" data-element_type=\"container\">\n\t\t<div class=\"elementor-element elementor-element-abb7843 e-con-full e-flex e-con e-child\" data-id=\"abb7843\" data-element_type=\"container\">\n\t\t\t\t<div class=\"elementor-element elementor-element-c88c48f elementor-widget elementor-widget-image\" data-id=\"c88c48f\" data-element_type=\"widget\" data-widget_type=\"image.default\">\n\t\t\t\t<div class=\"elementor-widget-container\">\n\t\t\t\t\t\t\t\t\t\t\t\t\t\t\t<img fetchpriority=\"high\" decoding=\"async\" width=\"800\" height=\"818\" src=\"https:\/\/www.baehr-excellenz.de\/wp-content\/uploads\/2021\/08\/House-of-Excellenz14-1001x1024.png\" class=\"attachment-large size-large wp-image-5259\" alt=\"\" srcset=\"https:\/\/www.baehr-excellenz.de\/wp-content\/uploads\/2021\/08\/House-of-Excellenz14-1001x1024.png 1001w, https:\/\/www.baehr-excellenz.de\/wp-content\/uploads\/2021\/08\/House-of-Excellenz14-293x300.png 293w, https:\/\/www.baehr-excellenz.de\/wp-content\/uploads\/2021\/08\/House-of-Excellenz14-768x786.png 768w, https:\/\/www.baehr-excellenz.de\/wp-content\/uploads\/2021\/08\/House-of-Excellenz14-1501x1536.png 1501w, https:\/\/www.baehr-excellenz.de\/wp-content\/uploads\/2021\/08\/House-of-Excellenz14-2002x2048.png 2002w, https:\/\/www.baehr-excellenz.de\/wp-content\/uploads\/2021\/08\/House-of-Excellenz14-20x20.png 20w\" sizes=\"(max-width: 800px) 100vw, 800px\">\t\t\t\t\t\t\t\t\t\t\t\t\t\t\t<\/div>\n\t\t\t\t<\/div>\n\t\t\t\t<\/div>\n\t\t<div class=\"elementor-element elementor-element-bbd83bb e-con-full e-flex e-con e-child\" data-id=\"bbd83bb\" data-element_type=\"container\">\n\t\t\t\t<div class=\"elementor-element elementor-element-7532820 dot-list elementor-widget elementor-widget-text-editor\" data-id=\"7532820\" data-element_type=\"widget\" data-widget_type=\"text-editor.default\">\n\t\t\t\t<div class=\"elementor-widget-container\">\n\t\t\t\t\t\t\t\t\t<p>Gemeinsam arbeiten wir an Ihrem \u00bb <span style=\"color: #df9633;\">House of Excellence<\/span> \u00ab.<\/p><p><span style=\"color: var( --e-global-color-5a0bf31 ); letter-spacing: var( --e-global-typography-350b34e-letter-spacing ); background-color: var( --e-global-color-455eb07 );\">Mit einem <\/span><span style=\"letter-spacing: var( --e-global-typography-350b34e-letter-spacing ); background-color: var( --e-global-color-455eb07 ); color: #df9633;\">ganzheitlichen Ansatz<\/span><span style=\"color: var( --e-global-color-5a0bf31 ); letter-spacing: var( --e-global-typography-350b34e-letter-spacing ); background-color: var( --e-global-color-455eb07 );\"> entwickeln wir ein <\/span><span style=\"letter-spacing: var( --e-global-typography-350b34e-letter-spacing ); background-color: var( --e-global-color-455eb07 ); color: #df9633;\">zukunftsf\u00e4higes Gesch\u00e4ftsmodell<\/span><span style=\"color: var( --e-global-color-5a0bf31 ); letter-spacing: var( --e-global-typography-350b34e-letter-spacing ); background-color: var( --e-global-color-455eb07 );\">, das &#8230;<\/span><\/p><ul><li>Ihre Marke(n) klar positioniert<\/li><li>starke Wettbewerbsvorteile aufbaut<\/li><li>Potentiale aussch\u00f6pft und Wachstum realisiert<\/li><\/ul><p>Dabei werden die Chancen, die in TOP-Themen, wie KI \/ Digitalisierung, \u00d6kosysteme und Nachhaltigkeit liegen, bewertet.<\/p>\t\t\t\t\t\t\t\t<\/div>\n\t\t\t\t<\/div>\n\t\t\t\t<div class=\"elementor-element elementor-element-2dae35c bullet-list elementor-widget elementor-widget-text-editor\" data-id=\"2dae35c\" data-element_type=\"widget\" data-widget_type=\"text-editor.default\">\n\t\t\t\t<div class=\"elementor-widget-container\">\n\t\t\t\t\t\t\t\t\t<p><span style=\"color: var( --e-global-color-5a0bf31 ); letter-spacing: var( --e-global-typography-350b34e-letter-spacing );\">Wesentliche <\/span><span style=\"letter-spacing: var( --e-global-typography-350b34e-letter-spacing ); color: #df9633;\">Schritte der Strategieentwicklung<\/span><span style=\"color: var( --e-global-color-5a0bf31 ); letter-spacing: var( --e-global-typography-350b34e-letter-spacing );\">\u00a0sind:<\/span><\/p><ul><li>Umfeld-Check: Makro-\/ Mikro-Trends<\/li><li>Potentiale pr\u00fcfen: St\u00e4rken, Wettbewerbsvorteile, Kernkompetenzen<\/li><li>Leitbild entwickeln: Vision, Mission, Kultur<\/li><li>Strategie definieren: Positionierung und Gesch\u00e4ftsmodell<\/li><li>Ziele festlegen: Marktziele, interne Ziele<\/li><li>Anpassungen identifizieren: Prozesse, Strukturen, Kompetenzen<\/li><li>Strategieumsetzung: Vorbereitung<\/li><\/ul>\t\t\t\t\t\t\t\t<\/div>\n\t\t\t\t<\/div>\n\t\t\t\t<\/div>\n\t\t\t\t<\/div>\n\t\t<div class=\"elementor-element elementor-element-3f3ecd8 e-con-full e-flex e-con e-child\" data-id=\"3f3ecd8\" data-element_type=\"container\">\n\t\t\t\t<div class=\"elementor-element elementor-element-17ce814 elementor-widget elementor-widget-button\" data-id=\"17ce814\" data-element_type=\"widget\" data-widget_type=\"button.default\">\n\t\t\t\t<div class=\"elementor-widget-container\">\n\t\t\t\t\t\t\t\t\t<div class=\"elementor-button-wrapper\">\n\t\t\t\t\t<a class=\"elementor-button elementor-button-link elementor-size-sm\" href=\"https:\/\/www.baehr-excellenz.de\/home\/#kontaktformular\">\n\t\t\t\t\t\t<span class=\"elementor-button-content-wrapper\">\n\t\t\t\t\t\t\t\t\t<span class=\"elementor-button-text\">Kontakt aufnehmen<\/span>\n\t\t\t\t\t<\/span>\n\t\t\t\t\t<\/a>\n\t\t\t\t<\/div>\n\t\t\t\t\t\t\t\t<\/div>\n\t\t\t\t<\/div>\n\t\t\t\t<div class=\"elementor-element elementor-element-15b9809 elementor-widget elementor-widget-button\" data-id=\"15b9809\" data-element_type=\"widget\" data-widget_type=\"button.default\">\n\t\t\t\t<div class=\"elementor-widget-container\">\n\t\t\t\t\t\t\t\t\t<div class=\"elementor-button-wrapper\">\n\t\t\t\t\t<a class=\"elementor-button elementor-button-link elementor-size-sm\" href=\"https:\/\/www.baehr-excellenz.de\/home\/strategieumsetzung\/\">\n\t\t\t\t\t\t<span class=\"elementor-button-content-wrapper\">\n\t\t\t\t\t\t\t\t\t<span class=\"elementor-button-text\">Zur Strategieumsetzung<\/span>\n\t\t\t\t\t<\/span>\n\t\t\t\t\t<\/a>\n\t\t\t\t<\/div>\n\t\t\t\t\t\t\t\t<\/div>\n\t\t\t\t<\/div>\n\t\t\t\t<\/div>\n\t\t\t\t<\/div>\n\t\t\t\t<\/div>\n\t\t\t\t<\/div>\n\t\t","protected":false},"excerpt":{"rendered":"<p>Strategieentwicklung&nbsp; \u2013 &nbsp;\u00bb house of excellence \u00ab Gemeinsam arbeiten wir an Ihrem \u00bb House of Excellence \u00ab. Mit einem ganzheitlichen Ansatz entwickeln wir ein zukunftsf\u00e4higes Gesch\u00e4ftsmodell, das &#8230; Ihre Marke(n) klar positioniert starke Wettbewerbsvorteile aufbaut Potentiale aussch\u00f6pft und Wachstum realisiert Dabei werden die Chancen, die in TOP-Themen, wie KI \/ Digitalisierung, \u00d6kosysteme und Nachhaltigkeit liegen, [&hellip;]<\/p>\n","protected":false},"author":1,"featured_media":0,"parent":0,"menu_order":0,"comment_status":"closed","ping_status":"closed","template":"elementor_header_footer","meta":{"footnotes":""},"class_list":["post-3192","page","type-page","status-publish","hentry"],"_links":{"self":[{"href":"https:\/\/www.baehr-excellenz.de\/home\/wp-json\/wp\/v2\/pages\/3192","targetHints":{"allow":["GET"]}}],"collection":[{"href":"https:\/\/www.baehr-excellenz.de\/home\/wp-json\/wp\/v2\/pages"}],"about":[{"href":"https:\/\/www.baehr-excellenz.de\/home\/wp-json\/wp\/v2\/types\/page"}],"author":[{"embeddable":true,"href":"https:\/\/www.baehr-excellenz.de\/home\/wp-json\/wp\/v2\/users\/1"}],"replies":[{"embeddable":true,"href":"https:\/\/www.baehr-excellenz.de\/home\/wp-json\/wp\/v2\/comments?post=3192"}],"version-history":[{"count":108,"href":"https:\/\/www.baehr-excellenz.de\/home\/wp-json\/wp\/v2\/pages\/3192\/revisions"}],"predecessor-version":[{"id":7326,"href":"https:\/\/www.baehr-excellenz.de\/home\/wp-json\/wp\/v2\/pages\/3192\/revisions\/7326"}],"wp:attachment":[{"href":"https:\/\/www.baehr-excellenz.de\/home\/wp-json\/wp\/v2\/media?parent=3192"}],"curies":[{"name":"wp","href":"https:\/\/api.w.org\/{rel}","templated":true}]}}